{"id":79,"date":"2020-01-20T13:23:58","date_gmt":"2020-01-20T12:23:58","guid":{"rendered":"http:\/\/choralecantabile14.fr\/?page_id=79"},"modified":"2026-03-26T17:53:39","modified_gmt":"2026-03-26T16:53:39","slug":"menu-chorale-cantabile","status":"publish","type":"page","link":"https:\/\/choralecantabile14.fr\/","title":{"rendered":"Menu Chorale Cantabile"},"content":{"rendered":"<p>[et_pb_section fb_built=&#8221;1&#8243; fullwidth=&#8221;on&#8221; _builder_version=&#8221;4.2.1&#8243;][et_pb_fullwidth_image src=&#8221;http:\/\/choralecantabile14.fr\/wp-content\/uploads\/2022\/01\/accueil_chorale_cantabile-02.jpg&#8221; _builder_version=&#8221;4.2.1&#8243;][\/et_pb_fullwidth_image][\/et_pb_section][et_pb_section fb_built=&#8221;1&#8243; _builder_version=&#8221;4.2.1&#8243; background_color=&#8221;#0c0c0c&#8221;][et_pb_row _builder_version=&#8221;4.2.1&#8243;][et_pb_column type=&#8221;4_4&#8243; _builder_version=&#8221;4.2.1&#8243;][et_pb_text _builder_version=&#8221;4.2.1&#8243; text_font=&#8221;Advent Pro|||on|||||&#8221; text_font_size=&#8221;50px&#8221; text_letter_spacing=&#8221;-1px&#8221; background_color=&#8221;rgba(0,0,0,0)&#8221; height=&#8221;25px&#8221; custom_margin=&#8221;||34px|||&#8221; custom_padding=&#8221;0px||0px||false|false&#8221; hover_enabled=&#8221;0&#8243;]<\/p>\n<p style=\"text-align: center;\">actualit\u00e9s<\/p>\n<p>[\/et_pb_text][\/et_pb_column][\/et_pb_row][et_pb_row column_structure=&#8221;1_2,1_2&#8243; _builder_version=&#8221;4.2.1&#8243; custom_padding=&#8221;0px|||||&#8221;][et_pb_column type=&#8221;1_2&#8243; _builder_version=&#8221;4.2.1&#8243;][et_pb_text _builder_version=&#8221;4.2.1&#8243; text_font=&#8221;Advent Pro|||on|||||&#8221; text_font_size=&#8221;25px&#8221; text_line_height=&#8221;1.8em&#8221; background_color=&#8221;#2853a0&#8243; text_orientation=&#8221;center&#8221; custom_margin=&#8221;||0px||false|false&#8221; hover_enabled=&#8221;0&#8243;]<\/p>\n<p>saison 2025-2026<\/p>\n<p>[\/et_pb_text][et_pb_text _builder_version=&#8221;4.2.1&#8243; custom_margin=&#8221;-17px|||||&#8221; custom_padding=&#8221;34px|||||&#8221;]<\/p>\n<p style=\"text-align: justify;\">Reprise des r\u00e9p\u00e9titions <strong>jeudi 11 septembre de 20h \u00e0 22h <\/strong>\u00e0 l&#8217;<strong>Espace culturel Fernand Seigneurie de Dozul\u00e9<\/strong><\/p>\n<p>[\/et_pb_text][\/et_pb_column][et_pb_column type=&#8221;1_2&#8243; _builder_version=&#8221;4.2.1&#8243;][\/et_pb_column][\/et_pb_row][et_pb_row column_structure=&#8221;1_2,1_2&#8243; _builder_version=&#8221;4.2.1&#8243; custom_padding=&#8221;0px|||||&#8221;][et_pb_column type=&#8221;1_2&#8243; _builder_version=&#8221;4.2.1&#8243;][et_pb_text _builder_version=&#8221;4.2.1&#8243; custom_margin=&#8221;-17px|||||&#8221; custom_padding=&#8221;34px|||||&#8221; hover_enabled=&#8221;0&#8243; text_font_size=&#8221;22px&#8221; text_font=&#8221;Advent Pro||||||||&#8221;]<\/p>\n<p style=\"text-align: justify;\"><strong>CONCERTS<\/strong><\/p>\n<p>[\/et_pb_text][et_pb_text _builder_version=&#8221;4.2.1&#8243; custom_margin=&#8221;-50px||||false|false&#8221; custom_padding=&#8221;34px|||||&#8221; hover_enabled=&#8221;0&#8243; text_font_size=&#8221;16px&#8221;]<\/p>\n<p style=\"margin-bottom: 0cm;\"><strong>Samedi 2 mai<\/strong> \u00e0 20h00 dans l\u2019\u00e9glise de Petiville<br \/><strong>Samedi 6 juin<\/strong> \u00e0 20h00 dans l\u2019\u00e9glise de Dozul\u00e9 <em>avec la chorale &#8220;Scamelvilla&#8221; d&#8217;Equemauville<\/em><br \/><strong>Dimanche 21 juin<\/strong> \u00e0 17h00 dans l\u2019\u00e9glise d\u2019Auberville<\/p>\n<p>[\/et_pb_text][\/et_pb_column][et_pb_column type=&#8221;1_2&#8243; _builder_version=&#8221;4.2.1&#8243;][\/et_pb_column][\/et_pb_row][\/et_pb_section]<\/p>\n","protected":false},"excerpt":{"rendered":"<p>[et_pb_section fb_built=&#8221;1&#8243; fullwidth=&#8221;on&#8221; _builder_version=&#8221;4.2.1&#8243;][et_pb_fullwidth_image src=&#8221;http:\/\/choralecantabile14.fr\/wp-content\/uploads\/2022\/01\/accueil_chorale_cantabile-02.jpg&#8221; _builder_version=&#8221;4.2.1&#8243;][\/et_pb_fullwidth_image][\/et_pb_section][et_pb_section fb_built=&#8221;1&#8243; _builder_version=&#8221;4.2.1&#8243; background_color=&#8221;#0c0c0c&#8221;][et_pb_row _builder_version=&#8221;4.2.1&#8243;][et_pb_column type=&#8221;4_4&#8243; _builder_version=&#8221;4.2.1&#8243;][et_pb_text _builder_version=&#8221;4.2.1&#8243; text_font=&#8221;Advent Pro|||on|||||&#8221; text_font_size=&#8221;50px&#8221; text_letter_spacing=&#8221;-1px&#8221; background_color=&#8221;rgba(0,0,0,0)&#8221; height=&#8221;25px&#8221; custom_margin=&#8221;||34px|||&#8221; custom_padding=&#8221;0px||0px||false|false&#8221; hover_enabled=&#8221;0&#8243;] actualit\u00e9s [\/et_pb_text][\/et_pb_column][\/et_pb_row][et_pb_row column_structure=&#8221;1_2,1_2&#8243; _builder_version=&#8221;4.2.1&#8243; custom_padding=&#8221;0px|||||&#8221;][et_pb_column type=&#8221;1_2&#8243; _builder_version=&#8221;4.2.1&#8243;][et_pb_text _builder_version=&#8221;4.2.1&#8243; text_font=&#8221;Advent Pro|||on|||||&#8221; text_font_size=&#8221;25px&#8221; text_line_height=&#8221;1.8em&#8221; background_color=&#8221;#2853a0&#8243; text_orientation=&#8221;center&#8221; custom_margin=&#8221;||0px||false|false&#8221; hover_enabled=&#8221;0&#8243;] saison 2025-2026 [\/et_pb_text][et_pb_text _builder_version=&#8221;4.2.1&#8243; custom_margin=&#8221;-17px|||||&#8221; custom_padding=&#8221;34px|||||&#8221;] Reprise des r\u00e9p\u00e9titions jeudi 11 septembre de 20h \u00e0 22h \u00e0 [&hellip;]<\/p>\n","protected":false},"author":1,"featured_media":0,"parent":0,"menu_order":0,"comment_status":"closed","ping_status":"closed","template":"","meta":{"_et_pb_use_builder":"on","_et_pb_old_content":"","_et_gb_content_width":"","footnotes":""},"class_list":["post-79","page","type-page","status-publish","hentry"],"yoast_head":"<!-- This site is optimized with the Yoast SEO plugin v21.5 - https:\/\/yoast.com\/wordpress\/plugins\/seo\/ -->\n<title>Menu Chorale Cantabile - Chorale Cantabile<\/title>\n<meta name=\"robots\" content=\"index, follow, max-snippet:-1, max-image-preview:large, max-video-preview:-1\" \/>\n<link rel=\"canonical\" href=\"https:\/\/choralecantabile14.fr\/\" \/>\n<meta property=\"og:locale\" content=\"en_US\" \/>\n<meta property=\"og:type\" content=\"article\" \/>\n<meta property=\"og:title\" content=\"Menu Chorale Cantabile - Chorale Cantabile\" \/>\n<meta property=\"og:description\" content=\"[et_pb_section fb_built=&#8221;1&#8243; fullwidth=&#8221;on&#8221; _builder_version=&#8221;4.2.1&#8243;][et_pb_fullwidth_image src=&#8221;http:\/\/choralecantabile14.fr\/wp-content\/uploads\/2022\/01\/accueil_chorale_cantabile-02.jpg&#8221; _builder_version=&#8221;4.2.1&#8243;][\/et_pb_fullwidth_image][\/et_pb_section][et_pb_section fb_built=&#8221;1&#8243; _builder_version=&#8221;4.2.1&#8243; background_color=&#8221;#0c0c0c&#8221;][et_pb_row _builder_version=&#8221;4.2.1&#8243;][et_pb_column type=&#8221;4_4&#8243; _builder_version=&#8221;4.2.1&#8243;][et_pb_text _builder_version=&#8221;4.2.1&#8243; text_font=&#8221;Advent Pro|||on|||||&#8221; text_font_size=&#8221;50px&#8221; text_letter_spacing=&#8221;-1px&#8221; background_color=&#8221;rgba(0,0,0,0)&#8221; height=&#8221;25px&#8221; custom_margin=&#8221;||34px|||&#8221; custom_padding=&#8221;0px||0px||false|false&#8221; hover_enabled=&#8221;0&#8243;] actualit\u00e9s [\/et_pb_text][\/et_pb_column][\/et_pb_row][et_pb_row column_structure=&#8221;1_2,1_2&#8243; _builder_version=&#8221;4.2.1&#8243; custom_padding=&#8221;0px|||||&#8221;][et_pb_column type=&#8221;1_2&#8243; _builder_version=&#8221;4.2.1&#8243;][et_pb_text _builder_version=&#8221;4.2.1&#8243; text_font=&#8221;Advent Pro|||on|||||&#8221; text_font_size=&#8221;25px&#8221; text_line_height=&#8221;1.8em&#8221; background_color=&#8221;#2853a0&#8243; text_orientation=&#8221;center&#8221; custom_margin=&#8221;||0px||false|false&#8221; hover_enabled=&#8221;0&#8243;] saison 2025-2026 [\/et_pb_text][et_pb_text _builder_version=&#8221;4.2.1&#8243; custom_margin=&#8221;-17px|||||&#8221; custom_padding=&#8221;34px|||||&#8221;] Reprise des r\u00e9p\u00e9titions jeudi 11 septembre de 20h \u00e0 22h \u00e0 [&hellip;]\" \/>\n<meta property=\"og:url\" content=\"https:\/\/choralecantabile14.fr\/\" \/>\n<meta property=\"og:site_name\" content=\"Chorale Cantabile\" \/>\n<meta property=\"article:modified_time\" content=\"2026-03-26T16:53:39+00:00\" \/>\n<meta name=\"twitter:label1\" content=\"Est. reading time\" \/>\n\t<meta name=\"twitter:data1\" content=\"2 minutes\" \/>\n<script type=\"application\/ld+json\" class=\"yoast-schema-graph\">{\"@context\":\"https:\/\/schema.org\",\"@graph\":[{\"@type\":\"WebPage\",\"@id\":\"https:\/\/choralecantabile14.fr\/\",\"url\":\"https:\/\/choralecantabile14.fr\/\",\"name\":\"Menu Chorale Cantabile - Chorale Cantabile\",\"isPartOf\":{\"@id\":\"https:\/\/choralecantabile14.fr\/#website\"},\"datePublished\":\"2020-01-20T12:23:58+00:00\",\"dateModified\":\"2026-03-26T16:53:39+00:00\",\"breadcrumb\":{\"@id\":\"https:\/\/choralecantabile14.fr\/#breadcrumb\"},\"inLanguage\":\"en-US\",\"potentialAction\":[{\"@type\":\"ReadAction\",\"target\":[\"https:\/\/choralecantabile14.fr\/\"]}]},{\"@type\":\"BreadcrumbList\",\"@id\":\"https:\/\/choralecantabile14.fr\/#breadcrumb\",\"itemListElement\":[{\"@type\":\"ListItem\",\"position\":1,\"name\":\"Accueil\",\"item\":\"https:\/\/choralecantabile14.fr\/\"},{\"@type\":\"ListItem\",\"position\":2,\"name\":\"Menu Chorale Cantabile\"}]},{\"@type\":\"WebSite\",\"@id\":\"https:\/\/choralecantabile14.fr\/#website\",\"url\":\"https:\/\/choralecantabile14.fr\/\",\"name\":\"Chorale Cantabile\",\"description\":\"\",\"publisher\":{\"@id\":\"https:\/\/choralecantabile14.fr\/#organization\"},\"potentialAction\":[{\"@type\":\"SearchAction\",\"target\":{\"@type\":\"EntryPoint\",\"urlTemplate\":\"https:\/\/choralecantabile14.fr\/?s={search_term_string}\"},\"query-input\":\"required name=search_term_string\"}],\"inLanguage\":\"en-US\"},{\"@type\":\"Organization\",\"@id\":\"https:\/\/choralecantabile14.fr\/#organization\",\"name\":\"Chorale Cantabile\",\"url\":\"https:\/\/choralecantabile14.fr\/\",\"logo\":{\"@type\":\"ImageObject\",\"inLanguage\":\"en-US\",\"@id\":\"https:\/\/choralecantabile14.fr\/#\/schema\/logo\/image\/\",\"url\":\"\",\"contentUrl\":\"\",\"caption\":\"Chorale Cantabile\"},\"image\":{\"@id\":\"https:\/\/choralecantabile14.fr\/#\/schema\/logo\/image\/\"}}]}<\/script>\n<!-- \/ Yoast SEO plugin. -->","yoast_head_json":{"title":"Menu Chorale Cantabile - Chorale Cantabile","robots":{"index":"index","follow":"follow","max-snippet":"max-snippet:-1","max-image-preview":"max-image-preview:large","max-video-preview":"max-video-preview:-1"},"canonical":"https:\/\/choralecantabile14.fr\/","og_locale":"en_US","og_type":"article","og_title":"Menu Chorale Cantabile - Chorale Cantabile","og_description":"[et_pb_section fb_built=&#8221;1&#8243; fullwidth=&#8221;on&#8221; _builder_version=&#8221;4.2.1&#8243;][et_pb_fullwidth_image src=&#8221;http:\/\/choralecantabile14.fr\/wp-content\/uploads\/2022\/01\/accueil_chorale_cantabile-02.jpg&#8221; _builder_version=&#8221;4.2.1&#8243;][\/et_pb_fullwidth_image][\/et_pb_section][et_pb_section fb_built=&#8221;1&#8243; _builder_version=&#8221;4.2.1&#8243; background_color=&#8221;#0c0c0c&#8221;][et_pb_row _builder_version=&#8221;4.2.1&#8243;][et_pb_column type=&#8221;4_4&#8243; _builder_version=&#8221;4.2.1&#8243;][et_pb_text _builder_version=&#8221;4.2.1&#8243; text_font=&#8221;Advent Pro|||on|||||&#8221; text_font_size=&#8221;50px&#8221; text_letter_spacing=&#8221;-1px&#8221; background_color=&#8221;rgba(0,0,0,0)&#8221; height=&#8221;25px&#8221; custom_margin=&#8221;||34px|||&#8221; custom_padding=&#8221;0px||0px||false|false&#8221; hover_enabled=&#8221;0&#8243;] actualit\u00e9s [\/et_pb_text][\/et_pb_column][\/et_pb_row][et_pb_row column_structure=&#8221;1_2,1_2&#8243; _builder_version=&#8221;4.2.1&#8243; custom_padding=&#8221;0px|||||&#8221;][et_pb_column type=&#8221;1_2&#8243; _builder_version=&#8221;4.2.1&#8243;][et_pb_text _builder_version=&#8221;4.2.1&#8243; text_font=&#8221;Advent Pro|||on|||||&#8221; text_font_size=&#8221;25px&#8221; text_line_height=&#8221;1.8em&#8221; background_color=&#8221;#2853a0&#8243; text_orientation=&#8221;center&#8221; custom_margin=&#8221;||0px||false|false&#8221; hover_enabled=&#8221;0&#8243;] saison 2025-2026 [\/et_pb_text][et_pb_text _builder_version=&#8221;4.2.1&#8243; custom_margin=&#8221;-17px|||||&#8221; custom_padding=&#8221;34px|||||&#8221;] Reprise des r\u00e9p\u00e9titions jeudi 11 septembre de 20h \u00e0 22h \u00e0 [&hellip;]","og_url":"https:\/\/choralecantabile14.fr\/","og_site_name":"Chorale Cantabile","article_modified_time":"2026-03-26T16:53:39+00:00","twitter_misc":{"Est. reading time":"2 minutes"},"schema":{"@context":"https:\/\/schema.org","@graph":[{"@type":"WebPage","@id":"https:\/\/choralecantabile14.fr\/","url":"https:\/\/choralecantabile14.fr\/","name":"Menu Chorale Cantabile - Chorale Cantabile","isPartOf":{"@id":"https:\/\/choralecantabile14.fr\/#website"},"datePublished":"2020-01-20T12:23:58+00:00","dateModified":"2026-03-26T16:53:39+00:00","breadcrumb":{"@id":"https:\/\/choralecantabile14.fr\/#breadcrumb"},"inLanguage":"en-US","potentialAction":[{"@type":"ReadAction","target":["https:\/\/choralecantabile14.fr\/"]}]},{"@type":"BreadcrumbList","@id":"https:\/\/choralecantabile14.fr\/#breadcrumb","itemListElement":[{"@type":"ListItem","position":1,"name":"Accueil","item":"https:\/\/choralecantabile14.fr\/"},{"@type":"ListItem","position":2,"name":"Menu Chorale Cantabile"}]},{"@type":"WebSite","@id":"https:\/\/choralecantabile14.fr\/#website","url":"https:\/\/choralecantabile14.fr\/","name":"Chorale Cantabile","description":"","publisher":{"@id":"https:\/\/choralecantabile14.fr\/#organization"},"potentialAction":[{"@type":"SearchAction","target":{"@type":"EntryPoint","urlTemplate":"https:\/\/choralecantabile14.fr\/?s={search_term_string}"},"query-input":"required name=search_term_string"}],"inLanguage":"en-US"},{"@type":"Organization","@id":"https:\/\/choralecantabile14.fr\/#organization","name":"Chorale Cantabile","url":"https:\/\/choralecantabile14.fr\/","logo":{"@type":"ImageObject","inLanguage":"en-US","@id":"https:\/\/choralecantabile14.fr\/#\/schema\/logo\/image\/","url":"","contentUrl":"","caption":"Chorale Cantabile"},"image":{"@id":"https:\/\/choralecantabile14.fr\/#\/schema\/logo\/image\/"}}]}},"_links":{"self":[{"href":"https:\/\/choralecantabile14.fr\/index.php\/wp-json\/wp\/v2\/pages\/79","targetHints":{"allow":["GET"]}}],"collection":[{"href":"https:\/\/choralecantabile14.fr\/index.php\/wp-json\/wp\/v2\/pages"}],"about":[{"href":"https:\/\/choralecantabile14.fr\/index.php\/wp-json\/wp\/v2\/types\/page"}],"author":[{"embeddable":true,"href":"https:\/\/choralecantabile14.fr\/index.php\/wp-json\/wp\/v2\/users\/1"}],"replies":[{"embeddable":true,"href":"https:\/\/choralecantabile14.fr\/index.php\/wp-json\/wp\/v2\/comments?post=79"}],"version-history":[{"count":69,"href":"https:\/\/choralecantabile14.fr\/index.php\/wp-json\/wp\/v2\/pages\/79\/revisions"}],"predecessor-version":[{"id":1782,"href":"https:\/\/choralecantabile14.fr\/index.php\/wp-json\/wp\/v2\/pages\/79\/revisions\/1782"}],"wp:attachment":[{"href":"https:\/\/choralecantabile14.fr\/index.php\/wp-json\/wp\/v2\/media?parent=79"}],"curies":[{"name":"wp","href":"https:\/\/api.w.org\/{rel}","templated":true}]}}