{"id":87,"date":"2020-01-20T13:54:27","date_gmt":"2020-01-20T12:54:27","guid":{"rendered":"http:\/\/choralecantabile14.fr\/?page_id=87"},"modified":"2026-03-26T17:27:37","modified_gmt":"2026-03-26T16:27:37","slug":"lassociation","status":"publish","type":"page","link":"https:\/\/choralecantabile14.fr\/index.php\/lassociation\/","title":{"rendered":"L&#8217;association"},"content":{"rendered":"<p>[et_pb_section fb_built=&#8221;1&#8243; _builder_version=&#8221;4.2.1&#8243; background_color=&#8221;#0c0c0c&#8221; custom_padding=&#8221;||4px|||&#8221;][et_pb_row column_structure=&#8221;1_2,1_2&#8243; _builder_version=&#8221;4.2.1&#8243; custom_padding=&#8221;||0px|||&#8221;][et_pb_column type=&#8221;1_2&#8243; _builder_version=&#8221;4.2.1&#8243;][et_pb_text _builder_version=&#8221;4.2.1&#8243; text_font=&#8221;Advent Pro|||on|||||&#8221; text_font_size=&#8221;50px&#8221; text_letter_spacing=&#8221;-1px&#8221; background_color=&#8221;rgba(0,0,0,0)&#8221; height=&#8221;25px&#8221; custom_padding=&#8221;0px||0px||false|false&#8221;]<\/p>\n<p style=\"text-align: center;\">historique<\/p>\n<p>[\/et_pb_text][et_pb_text _builder_version=&#8221;4.2.1&#8243; custom_margin=&#8221;||-2px|||&#8221; custom_padding=&#8221;||2px|||&#8221;]<\/p>\n<p style=\"text-align: justify;\">En <strong>1995<\/strong>, un petit groupe d\u2019amis cr\u00e9\u00e8rent, pour se faire plaisir, un ensemble vocal dans le cadre de l\u2019association musicale Double Croche de Dozul\u00e9. Rapidement le groupe \u00e9volua.<\/p>\n<p style=\"text-align: justify;\">En <strong>2001<\/strong> la chorale devint autonome. Les choristes lui choisirent un nom \u00ab\u00a0CANTABILE\u00a0\u00bb\u00a0: <em>cantabile<\/em> est un terme d\u2019ex\u00e9cution musicale invitant \u00e0 jouer une m\u00e9lodie instrumentale &#8220;<em> comme si on la chantait<\/em> &#8220;.<\/p>\n<p style=\"text-align: justify;\">St\u00e9phane CARRE, Thierry SOHIER, Florence DEVIEILHE, Mathilde MARODON se sont succ\u00e9d\u00e9s \u00e0 la direction du ch\u0153ur qui compte aujourd\u2019hui plus de <strong>35 choristes<\/strong>. A la rentr\u00e9e 2024, <strong>Catherine GOUILLARD<\/strong> prend la direction du choeur.<\/p>\n<p style=\"text-align: justify;\">Rigueur, convivialit\u00e9, bonne humeur sont les principales qualit\u00e9s de ce groupe.<\/p>\n<p style=\"text-align: justify;\">L\u2019<strong>Amicale La\u00efque de Dozul\u00e9<\/strong> est le partenaire de la Chorale Cantabile. Elle la soutient mat\u00e9riellement et financi\u00e8rement.<\/p>\n<p style=\"text-align: justify;\"><strong>Le conseil d&#8217;administration<\/strong> est compos\u00e9 de Agn\u00e8s BERTON [vice-pr\u00e9sident], Marie-H\u00e9l\u00e8ne BOISTEL, Yann DE CARGOU\u00cbT [tr\u00e9sorier], Patrick CHARLOT, Catherine DURAND [secr\u00e9taire], Isabelle GENARD [tr\u00e9sori\u00e8re adjointe], Philippe TRIBOUILLARD [pr\u00e9sident], Suzanne TRIBOUILLARD [secr\u00e9taire adjointe].<\/p>\n<p>[\/et_pb_text][\/et_pb_column][et_pb_column type=&#8221;1_2&#8243; _builder_version=&#8221;4.2.1&#8243;][et_pb_image src=&#8221;http:\/\/choralecantabile14.fr\/wp-content\/uploads\/2023\/04\/2023-chorale_cantabile_dozul\u00e9_association.jpg&#8221; _builder_version=&#8221;4.2.1&#8243; custom_margin=&#8221;||80px|||&#8221;][\/et_pb_image][\/et_pb_column][\/et_pb_row][et_pb_row column_structure=&#8221;1_2,1_2&#8243; _builder_version=&#8221;4.2.1&#8243; custom_padding=&#8221;||116px|||&#8221;][et_pb_column type=&#8221;1_2&#8243; _builder_version=&#8221;4.2.1&#8243;][et_pb_text _builder_version=&#8221;4.2.1&#8243; text_font=&#8221;Advent Pro|||on|||||&#8221; text_font_size=&#8221;50px&#8221; text_letter_spacing=&#8221;-1px&#8221; background_color=&#8221;rgba(0,0,0,0)&#8221; height=&#8221;25px&#8221; custom_margin=&#8221;39px|||||&#8221; custom_padding=&#8221;0px||0px||false|false&#8221;]<\/p>\n<p style=\"text-align: center;\">actualit\u00e9s<\/p>\n<p>[\/et_pb_text][et_pb_text _builder_version=&#8221;4.2.1&#8243; custom_margin=&#8221;||-2px|||&#8221; custom_padding=&#8221;||2px|||&#8221;]<\/p>\n<p>L&#8217;assembl\u00e9e g\u00e9n\u00e9rale de la chorale a eu lieu le <strong>jeudi 04 juillet 2025<\/strong>, \u00e0 l&#8217;espace culturel Fernand Seigneurie de Dozul\u00e9.\u00a0<\/p>\n<p>[\/et_pb_text][\/et_pb_column][et_pb_column type=&#8221;1_2&#8243; _builder_version=&#8221;4.2.1&#8243;][et_pb_image src=&#8221;http:\/\/choralecantabile14.fr\/wp-content\/uploads\/2023\/11\/2023-lassociation_chorale_cantabile_dozule.jpg&#8221; _builder_version=&#8221;4.2.1&#8243;][\/et_pb_image][\/et_pb_column][\/et_pb_row][\/et_pb_section]<\/p>\n","protected":false},"excerpt":{"rendered":"<p>[et_pb_section fb_built=&#8221;1&#8243; _builder_version=&#8221;4.2.1&#8243; background_color=&#8221;#0c0c0c&#8221; custom_padding=&#8221;||4px|||&#8221;][et_pb_row column_structure=&#8221;1_2,1_2&#8243; _builder_version=&#8221;4.2.1&#8243; custom_padding=&#8221;||0px|||&#8221;][et_pb_column type=&#8221;1_2&#8243; _builder_version=&#8221;4.2.1&#8243;][et_pb_text _builder_version=&#8221;4.2.1&#8243; text_font=&#8221;Advent Pro|||on|||||&#8221; text_font_size=&#8221;50px&#8221; text_letter_spacing=&#8221;-1px&#8221; background_color=&#8221;rgba(0,0,0,0)&#8221; height=&#8221;25px&#8221; custom_padding=&#8221;0px||0px||false|false&#8221;] historique [\/et_pb_text][et_pb_text _builder_version=&#8221;4.2.1&#8243; custom_margin=&#8221;||-2px|||&#8221; custom_padding=&#8221;||2px|||&#8221;] En 1995, un petit groupe d\u2019amis cr\u00e9\u00e8rent, pour se faire plaisir, un ensemble vocal dans le cadre de l\u2019association musicale Double Croche de Dozul\u00e9. Rapidement le groupe \u00e9volua. En 2001 la chorale [&hellip;]<\/p>\n","protected":false},"author":1,"featured_media":0,"parent":0,"menu_order":0,"comment_status":"closed","ping_status":"closed","template":"","meta":{"_et_pb_use_builder":"on","_et_pb_old_content":"<!-- wp:divi\/placeholder \/-->","_et_gb_content_width":"","footnotes":""},"class_list":["post-87","page","type-page","status-publish","hentry"],"yoast_head":"<!-- This site is optimized with the Yoast SEO plugin v21.5 - https:\/\/yoast.com\/wordpress\/plugins\/seo\/ -->\n<title>L&#039;association - Chorale Cantabile<\/title>\n<meta name=\"robots\" content=\"index, follow, max-snippet:-1, max-image-preview:large, max-video-preview:-1\" \/>\n<link rel=\"canonical\" href=\"https:\/\/choralecantabile14.fr\/index.php\/lassociation\/\" \/>\n<meta property=\"og:locale\" content=\"en_US\" \/>\n<meta property=\"og:type\" content=\"article\" \/>\n<meta property=\"og:title\" content=\"L&#039;association - Chorale Cantabile\" \/>\n<meta property=\"og:description\" content=\"[et_pb_section fb_built=&#8221;1&#8243; _builder_version=&#8221;4.2.1&#8243; background_color=&#8221;#0c0c0c&#8221; custom_padding=&#8221;||4px|||&#8221;][et_pb_row column_structure=&#8221;1_2,1_2&#8243; _builder_version=&#8221;4.2.1&#8243; custom_padding=&#8221;||0px|||&#8221;][et_pb_column type=&#8221;1_2&#8243; _builder_version=&#8221;4.2.1&#8243;][et_pb_text _builder_version=&#8221;4.2.1&#8243; text_font=&#8221;Advent Pro|||on|||||&#8221; text_font_size=&#8221;50px&#8221; text_letter_spacing=&#8221;-1px&#8221; background_color=&#8221;rgba(0,0,0,0)&#8221; height=&#8221;25px&#8221; custom_padding=&#8221;0px||0px||false|false&#8221;] historique [\/et_pb_text][et_pb_text _builder_version=&#8221;4.2.1&#8243; custom_margin=&#8221;||-2px|||&#8221; custom_padding=&#8221;||2px|||&#8221;] En 1995, un petit groupe d\u2019amis cr\u00e9\u00e8rent, pour se faire plaisir, un ensemble vocal dans le cadre de l\u2019association musicale Double Croche de Dozul\u00e9. Rapidement le groupe \u00e9volua. En 2001 la chorale [&hellip;]\" \/>\n<meta property=\"og:url\" content=\"https:\/\/choralecantabile14.fr\/index.php\/lassociation\/\" \/>\n<meta property=\"og:site_name\" content=\"Chorale Cantabile\" \/>\n<meta property=\"article:modified_time\" content=\"2026-03-26T16:27:37+00:00\" \/>\n<meta name=\"twitter:label1\" content=\"Est. reading time\" \/>\n\t<meta name=\"twitter:data1\" content=\"2 minutes\" \/>\n<script type=\"application\/ld+json\" class=\"yoast-schema-graph\">{\"@context\":\"https:\/\/schema.org\",\"@graph\":[{\"@type\":\"WebPage\",\"@id\":\"https:\/\/choralecantabile14.fr\/index.php\/lassociation\/\",\"url\":\"https:\/\/choralecantabile14.fr\/index.php\/lassociation\/\",\"name\":\"L'association - Chorale Cantabile\",\"isPartOf\":{\"@id\":\"https:\/\/choralecantabile14.fr\/#website\"},\"datePublished\":\"2020-01-20T12:54:27+00:00\",\"dateModified\":\"2026-03-26T16:27:37+00:00\",\"breadcrumb\":{\"@id\":\"https:\/\/choralecantabile14.fr\/index.php\/lassociation\/#breadcrumb\"},\"inLanguage\":\"en-US\",\"potentialAction\":[{\"@type\":\"ReadAction\",\"target\":[\"https:\/\/choralecantabile14.fr\/index.php\/lassociation\/\"]}]},{\"@type\":\"BreadcrumbList\",\"@id\":\"https:\/\/choralecantabile14.fr\/index.php\/lassociation\/#breadcrumb\",\"itemListElement\":[{\"@type\":\"ListItem\",\"position\":1,\"name\":\"Accueil\",\"item\":\"https:\/\/choralecantabile14.fr\/\"},{\"@type\":\"ListItem\",\"position\":2,\"name\":\"L&rsquo;association\"}]},{\"@type\":\"WebSite\",\"@id\":\"https:\/\/choralecantabile14.fr\/#website\",\"url\":\"https:\/\/choralecantabile14.fr\/\",\"name\":\"Chorale Cantabile\",\"description\":\"\",\"publisher\":{\"@id\":\"https:\/\/choralecantabile14.fr\/#organization\"},\"potentialAction\":[{\"@type\":\"SearchAction\",\"target\":{\"@type\":\"EntryPoint\",\"urlTemplate\":\"https:\/\/choralecantabile14.fr\/?s={search_term_string}\"},\"query-input\":\"required name=search_term_string\"}],\"inLanguage\":\"en-US\"},{\"@type\":\"Organization\",\"@id\":\"https:\/\/choralecantabile14.fr\/#organization\",\"name\":\"Chorale Cantabile\",\"url\":\"https:\/\/choralecantabile14.fr\/\",\"logo\":{\"@type\":\"ImageObject\",\"inLanguage\":\"en-US\",\"@id\":\"https:\/\/choralecantabile14.fr\/#\/schema\/logo\/image\/\",\"url\":\"\",\"contentUrl\":\"\",\"caption\":\"Chorale Cantabile\"},\"image\":{\"@id\":\"https:\/\/choralecantabile14.fr\/#\/schema\/logo\/image\/\"}}]}<\/script>\n<!-- \/ Yoast SEO plugin. -->","yoast_head_json":{"title":"L'association - Chorale Cantabile","robots":{"index":"index","follow":"follow","max-snippet":"max-snippet:-1","max-image-preview":"max-image-preview:large","max-video-preview":"max-video-preview:-1"},"canonical":"https:\/\/choralecantabile14.fr\/index.php\/lassociation\/","og_locale":"en_US","og_type":"article","og_title":"L'association - Chorale Cantabile","og_description":"[et_pb_section fb_built=&#8221;1&#8243; _builder_version=&#8221;4.2.1&#8243; background_color=&#8221;#0c0c0c&#8221; custom_padding=&#8221;||4px|||&#8221;][et_pb_row column_structure=&#8221;1_2,1_2&#8243; _builder_version=&#8221;4.2.1&#8243; custom_padding=&#8221;||0px|||&#8221;][et_pb_column type=&#8221;1_2&#8243; _builder_version=&#8221;4.2.1&#8243;][et_pb_text _builder_version=&#8221;4.2.1&#8243; text_font=&#8221;Advent Pro|||on|||||&#8221; text_font_size=&#8221;50px&#8221; text_letter_spacing=&#8221;-1px&#8221; background_color=&#8221;rgba(0,0,0,0)&#8221; height=&#8221;25px&#8221; custom_padding=&#8221;0px||0px||false|false&#8221;] historique [\/et_pb_text][et_pb_text _builder_version=&#8221;4.2.1&#8243; custom_margin=&#8221;||-2px|||&#8221; custom_padding=&#8221;||2px|||&#8221;] En 1995, un petit groupe d\u2019amis cr\u00e9\u00e8rent, pour se faire plaisir, un ensemble vocal dans le cadre de l\u2019association musicale Double Croche de Dozul\u00e9. Rapidement le groupe \u00e9volua. En 2001 la chorale [&hellip;]","og_url":"https:\/\/choralecantabile14.fr\/index.php\/lassociation\/","og_site_name":"Chorale Cantabile","article_modified_time":"2026-03-26T16:27:37+00:00","twitter_misc":{"Est. reading time":"2 minutes"},"schema":{"@context":"https:\/\/schema.org","@graph":[{"@type":"WebPage","@id":"https:\/\/choralecantabile14.fr\/index.php\/lassociation\/","url":"https:\/\/choralecantabile14.fr\/index.php\/lassociation\/","name":"L'association - Chorale Cantabile","isPartOf":{"@id":"https:\/\/choralecantabile14.fr\/#website"},"datePublished":"2020-01-20T12:54:27+00:00","dateModified":"2026-03-26T16:27:37+00:00","breadcrumb":{"@id":"https:\/\/choralecantabile14.fr\/index.php\/lassociation\/#breadcrumb"},"inLanguage":"en-US","potentialAction":[{"@type":"ReadAction","target":["https:\/\/choralecantabile14.fr\/index.php\/lassociation\/"]}]},{"@type":"BreadcrumbList","@id":"https:\/\/choralecantabile14.fr\/index.php\/lassociation\/#breadcrumb","itemListElement":[{"@type":"ListItem","position":1,"name":"Accueil","item":"https:\/\/choralecantabile14.fr\/"},{"@type":"ListItem","position":2,"name":"L&rsquo;association"}]},{"@type":"WebSite","@id":"https:\/\/choralecantabile14.fr\/#website","url":"https:\/\/choralecantabile14.fr\/","name":"Chorale Cantabile","description":"","publisher":{"@id":"https:\/\/choralecantabile14.fr\/#organization"},"potentialAction":[{"@type":"SearchAction","target":{"@type":"EntryPoint","urlTemplate":"https:\/\/choralecantabile14.fr\/?s={search_term_string}"},"query-input":"required name=search_term_string"}],"inLanguage":"en-US"},{"@type":"Organization","@id":"https:\/\/choralecantabile14.fr\/#organization","name":"Chorale Cantabile","url":"https:\/\/choralecantabile14.fr\/","logo":{"@type":"ImageObject","inLanguage":"en-US","@id":"https:\/\/choralecantabile14.fr\/#\/schema\/logo\/image\/","url":"","contentUrl":"","caption":"Chorale Cantabile"},"image":{"@id":"https:\/\/choralecantabile14.fr\/#\/schema\/logo\/image\/"}}]}},"_links":{"self":[{"href":"https:\/\/choralecantabile14.fr\/index.php\/wp-json\/wp\/v2\/pages\/87","targetHints":{"allow":["GET"]}}],"collection":[{"href":"https:\/\/choralecantabile14.fr\/index.php\/wp-json\/wp\/v2\/pages"}],"about":[{"href":"https:\/\/choralecantabile14.fr\/index.php\/wp-json\/wp\/v2\/types\/page"}],"author":[{"embeddable":true,"href":"https:\/\/choralecantabile14.fr\/index.php\/wp-json\/wp\/v2\/users\/1"}],"replies":[{"embeddable":true,"href":"https:\/\/choralecantabile14.fr\/index.php\/wp-json\/wp\/v2\/comments?post=87"}],"version-history":[{"count":78,"href":"https:\/\/choralecantabile14.fr\/index.php\/wp-json\/wp\/v2\/pages\/87\/revisions"}],"predecessor-version":[{"id":1762,"href":"https:\/\/choralecantabile14.fr\/index.php\/wp-json\/wp\/v2\/pages\/87\/revisions\/1762"}],"wp:attachment":[{"href":"https:\/\/choralecantabile14.fr\/index.php\/wp-json\/wp\/v2\/media?parent=87"}],"curies":[{"name":"wp","href":"https:\/\/api.w.org\/{rel}","templated":true}]}}