{"id":89,"date":"2020-01-20T13:54:48","date_gmt":"2020-01-20T12:54:48","guid":{"rendered":"http:\/\/choralecantabile14.fr\/?page_id=89"},"modified":"2026-03-26T17:32:55","modified_gmt":"2026-03-26T16:32:55","slug":"le-choeur","status":"publish","type":"page","link":"https:\/\/choralecantabile14.fr\/index.php\/le-choeur\/","title":{"rendered":"Le Choeur"},"content":{"rendered":"<p>[et_pb_section fb_built=&#8221;1&#8243; _builder_version=&#8221;4.2.1&#8243; background_color=&#8221;#0c0c0c&#8221; custom_padding=&#8221;71px|||0px||&#8221;][et_pb_row column_structure=&#8221;1_2,1_2&#8243; _builder_version=&#8221;4.2.1&#8243; min_height=&#8221;550px&#8221; custom_padding=&#8221;10px||5px|||&#8221;][et_pb_column type=&#8221;1_2&#8243; _builder_version=&#8221;4.2.1&#8243;][et_pb_text _builder_version=&#8221;4.2.1&#8243; text_font=&#8221;Advent Pro|||on|||||&#8221; text_font_size=&#8221;50px&#8221; text_line_height=&#8221;1.8em&#8221; text_orientation=&#8221;center&#8221;]<\/p>\n<p>cheffe de choeur<\/p>\n<p>[\/et_pb_text][et_pb_text _builder_version=&#8221;4.2.1&#8243; width=&#8221;100%&#8221; custom_margin=&#8221;||-4px|0px|false|false&#8221; custom_padding=&#8221;3px|0px|0px|0px|false|false&#8221;]<\/p>\n<p style=\"text-align: center;\"><strong>CATHERINE GOUILLARD<\/strong><\/p>\n<p style=\"text-align: justify;\">Catherine d\u00e9couvre l\u2019orgue \u00e0 l\u2019\u00e2ge de 9 ans, en \u00e9coutant les vieux disques vinyles de ses parents, qui lui font entendre une grande vari\u00e9t\u00e9 de musique classique, d\u2019orgue et d\u2019orgue de cin\u00e9ma. Son premier contact avec l\u2019instrument a lieu lorsqu\u2019elle accompagne ses parents \u00e0 la d\u00e9dicace d\u2019un nouvel orgue pr\u00e8s de Paris. C\u2019est l\u00e0 que na\u00eet sa passion pour cet instrument. Trop jeune pour en jouer, elle se tourne d\u2019abord vers le piano et remporte, \u00e0 20 ans, son prix de conservatoire en Conservatoire National de R\u00e9gion pr\u00e8s de Paris en formation musicale, musique de chambre et piano. En 2002, elle obtient son Dipl\u00f4me d\u2019Etat de psychomotricienne et commence \u00e0 travailler en Normandie, tout en nourrissant toujours son r\u00eave de ma\u00eetriser l\u2019orgue. Elle s\u2019inscrit alors au <strong>Conservatoire de Caen<\/strong>, o\u00f9 elle suit l\u2019enseignement d\u2019<strong><em>Erwan Le Prado<\/em><\/strong>. Parall\u00e8lement, elle joue sur un orgue Cavaill\u00e9-Coll \u00e0 Villers-sur-Mer et commence \u00e0 accompagner au piano ou \u00e0 l\u2019orgue des chorales. En 2010, elle devient organiste titulaire des diff\u00e9rents instruments de la magnifique ville de Honfleur. S\u2019int\u00e9ressant \u00e0 la direction de ch\u0153ur, elle effectue un stage au Conservatoire de Troyes afin de reprendre progressivement la direction d\u2019une chorale honfleuraise. Fin 2024, elle commence la direction de la chorale Cantabile de Dozul\u00e9.<\/p>\n<p style=\"text-align: justify;\">En tant qu\u2019organiste, elle donne de nombreux concerts en France et \u00e0 l\u2019\u00e9tranger (Europe et USA) en solo ou en collaboration avec d\u2019autres musiciens (violon, saxophone, voix, fl\u00fbte\u2026) et orchestre de chambre.\u00a0<\/p>\n<p>&nbsp;<\/p>\n<p>[\/et_pb_text][\/et_pb_column][et_pb_column type=&#8221;1_2&#8243; _builder_version=&#8221;4.2.1&#8243;][et_pb_image src=&#8221;http:\/\/choralecantabile14.fr\/wp-content\/uploads\/2024\/12\/Catherine-Gouillard-Photo-scaled.jpg&#8221; _builder_version=&#8221;4.2.1&#8243;][\/et_pb_image][\/et_pb_column][\/et_pb_row][\/et_pb_section][et_pb_section fb_built=&#8221;1&#8243; _builder_version=&#8221;4.2.1&#8243; background_color=&#8221;#2853a0&#8243; custom_padding=&#8221;0px||0px|0px||&#8221;][et_pb_row _builder_version=&#8221;4.2.1&#8243; background_color=&#8221;rgba(0,0,0,0)&#8221; custom_padding=&#8221;36px||0px|||&#8221;][et_pb_column type=&#8221;4_4&#8243; _builder_version=&#8221;4.2.1&#8243;][et_pb_text _builder_version=&#8221;4.2.1&#8243; text_font=&#8221;Advent Pro|||on|||||&#8221; text_font_size=&#8221;50px&#8221; text_line_height=&#8221;1.8em&#8221; text_orientation=&#8221;center&#8221;]<\/p>\n<p>les choristes<\/p>\n<p>[\/et_pb_text][et_pb_text _builder_version=&#8221;4.2.1&#8243; custom_padding=&#8221;||40px|||&#8221; hover_enabled=&#8221;0&#8243;]<\/p>\n<p><span style=\"font-size: large;\"><strong>SOPRANES <\/strong><\/span>Guylaine ALLIER l Sylvie CANDELA l Jacqueline CLAUDEL l Catherine DURAND l Sabine FRADIN l Marie-Th\u00e9r\u00e8se MARC l Jeanne MIETTE l V\u00e9ronique ROY l Isabelle TORDJMAN l Suzanne TRIBOUILLARD<\/p>\n<p><span style=\"font-size: large;\"><strong>ALTI\u00a0<\/strong><\/span> Agn\u00e8s BERTON l Marie-H\u00e9l\u00e8ne BOISTEL l Brigitte DUROUDIER l St\u00e9phane DE FORESTA l Isabelle GENARD l Catherine GONFROY l Colette HOUDIERE l Delphine LACOUR l Muriel LECOIN l Annick THILLET l H\u00e9l\u00e8ne VENTELON l Odile VIELPEAU<\/p>\n<p><span style=\"font-size: large;\"><strong>TENORS<\/strong><\/span>\u00a0Muriel CAILLAT l Yann DE CARGOUET l St\u00e9phane DOUSSOT l Pascal VENTELON<\/p>\n<p><span style=\"font-size: large;\"><strong>BARYTONS \/ BASSES<\/strong><\/span> Patrick CHARLOT l Jean-Marc DUPUIS l Michel LEBOSSE l Philippe TRIBOUILLARD l Eric TUILLEZ\u00a0<\/p>\n<p>[\/et_pb_text][\/et_pb_column][\/et_pb_row][\/et_pb_section][et_pb_section fb_built=&#8221;1&#8243; _builder_version=&#8221;4.2.1&#8243; background_color=&#8221;#0c0c0c&#8221; custom_padding=&#8221;42px|||0px||&#8221;][et_pb_row _builder_version=&#8221;4.2.1&#8243; custom_padding=&#8221;20px|||||&#8221;][et_pb_column type=&#8221;4_4&#8243; _builder_version=&#8221;4.2.1&#8243;][et_pb_text _builder_version=&#8221;4.2.1&#8243; text_font=&#8221;Advent Pro|||on|||||&#8221; text_font_size=&#8221;50px&#8221; text_letter_spacing=&#8221;-1px&#8221; background_color=&#8221;rgba(0,0,0,0)&#8221; height=&#8221;25px&#8221; custom_padding=&#8221;0px||0px||false|false&#8221;]<\/p>\n<p style=\"text-align: center;\">charte<\/p>\n<p>[\/et_pb_text][et_pb_text _builder_version=&#8221;4.2.1&#8243;]<\/p>\n<p><strong>OBLIGATIONS DES CHORISTES <\/strong>Respecter au maximum les horaires\u00a0des r\u00e9p\u00e9titions\u00a0: 20h \u2013 22h l Etre pr\u00e9sent \u00e0 toutes les r\u00e9p\u00e9titions\u00a0: seules des absences justifi\u00e9es peuvent \u00eatre prises en compte\u00a0: deux absences cons\u00e9cutives avant un concert peuvent entra\u00eener la non-participation \u00e0 ce concert l Etre attentif et concentr\u00e9 lors des r\u00e9p\u00e9titions\u00a0: un travail personnel \u00e0 la maison est souhaitable durant la semaine \u00e0 partir des enregistrements re\u00e7us par messagerie \u00e9lectronique l Proscrire les bavardages durant la r\u00e9p\u00e9tition\u00a0: un temps d\u2019\u00e9changes est possible avant ou apr\u00e8s les r\u00e9p\u00e9titions l Respecter son engagement ainsi que\u00a0 les horaires et les consignes des concerts\u00a0: tenue, classeur, indications du chef de ch\u0153ur. Si l\u2019effectif est insuffisant un concert peut \u00eatre annul\u00e9.<\/p>\n<p><strong><\/strong><\/p>\n<p><strong>OBLIGATIONS DU CHEF DE CHOEUR <\/strong>Veiller au bon d\u00e9roulement des r\u00e9p\u00e9titions l Etablir une progression vari\u00e9e de chants soumis \u00e0 l\u2019approbation du Bureau ou des choristes l Respecter au maximum cette progression l Faire un \u00e9quilibre judicieux entre nouveaux et anciens chants lors d\u2019une r\u00e9p\u00e9tition\u00a0; terminer les r\u00e9p\u00e9titions par un ou deux chants connus afin d\u2019entretenir le r\u00e9pertoire l Varier les \u00e9chauffements et les vocalises l Enregistrer en d\u00e9but de r\u00e9p\u00e9tition les diff\u00e9rentes voix des nouvelles pi\u00e8ces musicales pour le travail personnel des choristes l Accueillir et veiller \u00e0 l\u2019int\u00e9gration des nouveaux choristes et proc\u00e9der\u00a0 \u00e0 une audition en vue d\u2019une int\u00e9gration ou non l S\u2019assurer de la r\u00e9partition et de l\u2019\u00e9quilibre des pupitres\u00a0: proposer \u00e0 des choristes de changer de pupitres l Avertir le bureau des difficult\u00e9s rencontr\u00e9es par certains choristes.<\/p>\n<p><strong>R\u00d4LE DU BUREAU <\/strong>Il donne les pleins pouvoirs au chef de ch\u0153ur pour la direction du groupe. Il se r\u00e9serve la possibilit\u00e9 d\u2019avertir ou m\u00eame d\u2019exclure un choriste qui \u00e9prouve des difficult\u00e9s \u00e0 chanter juste apr\u00e8s son signalement par le chef de ch\u0153ur l La <em>Chorale Cantabile<\/em> est une chorale d\u2019amateurs. Le bureau de la chorale veille \u00e0 ce qu\u2019un \u00e9quilibre et une harmonie soient trouv\u00e9s entre les exigences musicales du chef de ch\u0153ur et le plaisir des choristes de chanter et de progresser ensemble.<\/p>\n<p>[\/et_pb_text][\/et_pb_column][\/et_pb_row][\/et_pb_section]<\/p>\n","protected":false},"excerpt":{"rendered":"<p>[et_pb_section fb_built=&#8221;1&#8243; _builder_version=&#8221;4.2.1&#8243; background_color=&#8221;#0c0c0c&#8221; custom_padding=&#8221;71px|||0px||&#8221;][et_pb_row column_structure=&#8221;1_2,1_2&#8243; _builder_version=&#8221;4.2.1&#8243; min_height=&#8221;550px&#8221; custom_padding=&#8221;10px||5px|||&#8221;][et_pb_column type=&#8221;1_2&#8243; _builder_version=&#8221;4.2.1&#8243;][et_pb_text _builder_version=&#8221;4.2.1&#8243; text_font=&#8221;Advent Pro|||on|||||&#8221; text_font_size=&#8221;50px&#8221; text_line_height=&#8221;1.8em&#8221; text_orientation=&#8221;center&#8221;] cheffe de choeur [\/et_pb_text][et_pb_text _builder_version=&#8221;4.2.1&#8243; width=&#8221;100%&#8221; custom_margin=&#8221;||-4px|0px|false|false&#8221; custom_padding=&#8221;3px|0px|0px|0px|false|false&#8221;] CATHERINE GOUILLARD Catherine d\u00e9couvre l\u2019orgue \u00e0 l\u2019\u00e2ge de 9 ans, en \u00e9coutant les vieux disques vinyles de ses parents, qui lui font entendre une grande vari\u00e9t\u00e9 de musique classique, d\u2019orgue [&hellip;]<\/p>\n","protected":false},"author":1,"featured_media":0,"parent":0,"menu_order":0,"comment_status":"closed","ping_status":"closed","template":"","meta":{"_et_pb_use_builder":"on","_et_pb_old_content":"","_et_gb_content_width":"","footnotes":""},"class_list":["post-89","page","type-page","status-publish","hentry"],"yoast_head":"<!-- This site is optimized with the Yoast SEO plugin v21.5 - https:\/\/yoast.com\/wordpress\/plugins\/seo\/ -->\n<title>Le Choeur - Chorale Cantabile<\/title>\n<meta name=\"robots\" content=\"index, follow, max-snippet:-1, max-image-preview:large, max-video-preview:-1\" \/>\n<link rel=\"canonical\" href=\"https:\/\/choralecantabile14.fr\/index.php\/le-choeur\/\" \/>\n<meta property=\"og:locale\" content=\"en_US\" \/>\n<meta property=\"og:type\" content=\"article\" \/>\n<meta property=\"og:title\" content=\"Le Choeur - Chorale Cantabile\" \/>\n<meta property=\"og:description\" content=\"[et_pb_section fb_built=&#8221;1&#8243; _builder_version=&#8221;4.2.1&#8243; background_color=&#8221;#0c0c0c&#8221; custom_padding=&#8221;71px|||0px||&#8221;][et_pb_row column_structure=&#8221;1_2,1_2&#8243; _builder_version=&#8221;4.2.1&#8243; min_height=&#8221;550px&#8221; custom_padding=&#8221;10px||5px|||&#8221;][et_pb_column type=&#8221;1_2&#8243; _builder_version=&#8221;4.2.1&#8243;][et_pb_text _builder_version=&#8221;4.2.1&#8243; text_font=&#8221;Advent Pro|||on|||||&#8221; text_font_size=&#8221;50px&#8221; text_line_height=&#8221;1.8em&#8221; text_orientation=&#8221;center&#8221;] cheffe de choeur [\/et_pb_text][et_pb_text _builder_version=&#8221;4.2.1&#8243; width=&#8221;100%&#8221; custom_margin=&#8221;||-4px|0px|false|false&#8221; custom_padding=&#8221;3px|0px|0px|0px|false|false&#8221;] CATHERINE GOUILLARD Catherine d\u00e9couvre l\u2019orgue \u00e0 l\u2019\u00e2ge de 9 ans, en \u00e9coutant les vieux disques vinyles de ses parents, qui lui font entendre une grande vari\u00e9t\u00e9 de musique classique, d\u2019orgue [&hellip;]\" \/>\n<meta property=\"og:url\" content=\"https:\/\/choralecantabile14.fr\/index.php\/le-choeur\/\" \/>\n<meta property=\"og:site_name\" content=\"Chorale Cantabile\" \/>\n<meta property=\"article:modified_time\" content=\"2026-03-26T16:32:55+00:00\" \/>\n<meta name=\"twitter:label1\" content=\"Est. reading time\" \/>\n\t<meta name=\"twitter:data1\" content=\"5 minutes\" \/>\n<script type=\"application\/ld+json\" class=\"yoast-schema-graph\">{\"@context\":\"https:\/\/schema.org\",\"@graph\":[{\"@type\":\"WebPage\",\"@id\":\"https:\/\/choralecantabile14.fr\/index.php\/le-choeur\/\",\"url\":\"https:\/\/choralecantabile14.fr\/index.php\/le-choeur\/\",\"name\":\"Le Choeur - Chorale Cantabile\",\"isPartOf\":{\"@id\":\"https:\/\/choralecantabile14.fr\/#website\"},\"datePublished\":\"2020-01-20T12:54:48+00:00\",\"dateModified\":\"2026-03-26T16:32:55+00:00\",\"breadcrumb\":{\"@id\":\"https:\/\/choralecantabile14.fr\/index.php\/le-choeur\/#breadcrumb\"},\"inLanguage\":\"en-US\",\"potentialAction\":[{\"@type\":\"ReadAction\",\"target\":[\"https:\/\/choralecantabile14.fr\/index.php\/le-choeur\/\"]}]},{\"@type\":\"BreadcrumbList\",\"@id\":\"https:\/\/choralecantabile14.fr\/index.php\/le-choeur\/#breadcrumb\",\"itemListElement\":[{\"@type\":\"ListItem\",\"position\":1,\"name\":\"Accueil\",\"item\":\"https:\/\/choralecantabile14.fr\/\"},{\"@type\":\"ListItem\",\"position\":2,\"name\":\"Le Choeur\"}]},{\"@type\":\"WebSite\",\"@id\":\"https:\/\/choralecantabile14.fr\/#website\",\"url\":\"https:\/\/choralecantabile14.fr\/\",\"name\":\"Chorale Cantabile\",\"description\":\"\",\"publisher\":{\"@id\":\"https:\/\/choralecantabile14.fr\/#organization\"},\"potentialAction\":[{\"@type\":\"SearchAction\",\"target\":{\"@type\":\"EntryPoint\",\"urlTemplate\":\"https:\/\/choralecantabile14.fr\/?s={search_term_string}\"},\"query-input\":\"required name=search_term_string\"}],\"inLanguage\":\"en-US\"},{\"@type\":\"Organization\",\"@id\":\"https:\/\/choralecantabile14.fr\/#organization\",\"name\":\"Chorale Cantabile\",\"url\":\"https:\/\/choralecantabile14.fr\/\",\"logo\":{\"@type\":\"ImageObject\",\"inLanguage\":\"en-US\",\"@id\":\"https:\/\/choralecantabile14.fr\/#\/schema\/logo\/image\/\",\"url\":\"\",\"contentUrl\":\"\",\"caption\":\"Chorale Cantabile\"},\"image\":{\"@id\":\"https:\/\/choralecantabile14.fr\/#\/schema\/logo\/image\/\"}}]}<\/script>\n<!-- \/ Yoast SEO plugin. -->","yoast_head_json":{"title":"Le Choeur - Chorale Cantabile","robots":{"index":"index","follow":"follow","max-snippet":"max-snippet:-1","max-image-preview":"max-image-preview:large","max-video-preview":"max-video-preview:-1"},"canonical":"https:\/\/choralecantabile14.fr\/index.php\/le-choeur\/","og_locale":"en_US","og_type":"article","og_title":"Le Choeur - Chorale Cantabile","og_description":"[et_pb_section fb_built=&#8221;1&#8243; _builder_version=&#8221;4.2.1&#8243; background_color=&#8221;#0c0c0c&#8221; custom_padding=&#8221;71px|||0px||&#8221;][et_pb_row column_structure=&#8221;1_2,1_2&#8243; _builder_version=&#8221;4.2.1&#8243; min_height=&#8221;550px&#8221; custom_padding=&#8221;10px||5px|||&#8221;][et_pb_column type=&#8221;1_2&#8243; _builder_version=&#8221;4.2.1&#8243;][et_pb_text _builder_version=&#8221;4.2.1&#8243; text_font=&#8221;Advent Pro|||on|||||&#8221; text_font_size=&#8221;50px&#8221; text_line_height=&#8221;1.8em&#8221; text_orientation=&#8221;center&#8221;] cheffe de choeur [\/et_pb_text][et_pb_text _builder_version=&#8221;4.2.1&#8243; width=&#8221;100%&#8221; custom_margin=&#8221;||-4px|0px|false|false&#8221; custom_padding=&#8221;3px|0px|0px|0px|false|false&#8221;] CATHERINE GOUILLARD Catherine d\u00e9couvre l\u2019orgue \u00e0 l\u2019\u00e2ge de 9 ans, en \u00e9coutant les vieux disques vinyles de ses parents, qui lui font entendre une grande vari\u00e9t\u00e9 de musique classique, d\u2019orgue [&hellip;]","og_url":"https:\/\/choralecantabile14.fr\/index.php\/le-choeur\/","og_site_name":"Chorale Cantabile","article_modified_time":"2026-03-26T16:32:55+00:00","twitter_misc":{"Est. reading time":"5 minutes"},"schema":{"@context":"https:\/\/schema.org","@graph":[{"@type":"WebPage","@id":"https:\/\/choralecantabile14.fr\/index.php\/le-choeur\/","url":"https:\/\/choralecantabile14.fr\/index.php\/le-choeur\/","name":"Le Choeur - Chorale Cantabile","isPartOf":{"@id":"https:\/\/choralecantabile14.fr\/#website"},"datePublished":"2020-01-20T12:54:48+00:00","dateModified":"2026-03-26T16:32:55+00:00","breadcrumb":{"@id":"https:\/\/choralecantabile14.fr\/index.php\/le-choeur\/#breadcrumb"},"inLanguage":"en-US","potentialAction":[{"@type":"ReadAction","target":["https:\/\/choralecantabile14.fr\/index.php\/le-choeur\/"]}]},{"@type":"BreadcrumbList","@id":"https:\/\/choralecantabile14.fr\/index.php\/le-choeur\/#breadcrumb","itemListElement":[{"@type":"ListItem","position":1,"name":"Accueil","item":"https:\/\/choralecantabile14.fr\/"},{"@type":"ListItem","position":2,"name":"Le Choeur"}]},{"@type":"WebSite","@id":"https:\/\/choralecantabile14.fr\/#website","url":"https:\/\/choralecantabile14.fr\/","name":"Chorale Cantabile","description":"","publisher":{"@id":"https:\/\/choralecantabile14.fr\/#organization"},"potentialAction":[{"@type":"SearchAction","target":{"@type":"EntryPoint","urlTemplate":"https:\/\/choralecantabile14.fr\/?s={search_term_string}"},"query-input":"required name=search_term_string"}],"inLanguage":"en-US"},{"@type":"Organization","@id":"https:\/\/choralecantabile14.fr\/#organization","name":"Chorale Cantabile","url":"https:\/\/choralecantabile14.fr\/","logo":{"@type":"ImageObject","inLanguage":"en-US","@id":"https:\/\/choralecantabile14.fr\/#\/schema\/logo\/image\/","url":"","contentUrl":"","caption":"Chorale Cantabile"},"image":{"@id":"https:\/\/choralecantabile14.fr\/#\/schema\/logo\/image\/"}}]}},"_links":{"self":[{"href":"https:\/\/choralecantabile14.fr\/index.php\/wp-json\/wp\/v2\/pages\/89","targetHints":{"allow":["GET"]}}],"collection":[{"href":"https:\/\/choralecantabile14.fr\/index.php\/wp-json\/wp\/v2\/pages"}],"about":[{"href":"https:\/\/choralecantabile14.fr\/index.php\/wp-json\/wp\/v2\/types\/page"}],"author":[{"embeddable":true,"href":"https:\/\/choralecantabile14.fr\/index.php\/wp-json\/wp\/v2\/users\/1"}],"replies":[{"embeddable":true,"href":"https:\/\/choralecantabile14.fr\/index.php\/wp-json\/wp\/v2\/comments?post=89"}],"version-history":[{"count":153,"href":"https:\/\/choralecantabile14.fr\/index.php\/wp-json\/wp\/v2\/pages\/89\/revisions"}],"predecessor-version":[{"id":1764,"href":"https:\/\/choralecantabile14.fr\/index.php\/wp-json\/wp\/v2\/pages\/89\/revisions\/1764"}],"wp:attachment":[{"href":"https:\/\/choralecantabile14.fr\/index.php\/wp-json\/wp\/v2\/media?parent=89"}],"curies":[{"name":"wp","href":"https:\/\/api.w.org\/{rel}","templated":true}]}}